{"id":8,"date":"2017-08-18T12:30:21","date_gmt":"2017-08-18T12:30:21","guid":{"rendered":"http:\/\/n-tec.ch\/?page_id=8"},"modified":"2019-04-29T09:56:22","modified_gmt":"2019-04-29T09:56:22","slug":"ueber-mich","status":"publish","type":"page","link":"https:\/\/n-tec.ch\/index.php\/ueber-mich\/","title":{"rendered":"\u00dcber uns"},"content":{"rendered":"<p>Wir beraten Unternehmen und Privatpersonen im Bereich von IT L\u00f6sungen, bieten Support vorwiegend f\u00fcr Apple Mac Systeme, Tablets und iPhone.<br \/>\nWir helfen bei der Installation von Hardware, Software sowie Peripherieger\u00e4ten und k\u00f6nnen f\u00fcr die unterschiedlichsten Bed\u00fcrfnisse Schulung anbieten.<\/p>\n<p>Hosting, eMail-Service sowie Web-Design werden ebenfalls angeboten.<\/p>\n","protected":false},"excerpt":{"rendered":"<p>Wir beraten Unternehmen und Privatpersonen im Bereich von IT L\u00f6sungen, bieten Support vorwiegend f\u00fcr Apple Mac Systeme, Tablets und iPhone. Wir helfen bei der Installation von Hardware, Software sowie Peripherieger\u00e4ten und k\u00f6nnen f\u00fcr die unterschiedlichsten Bed\u00fcrfnisse Schulung anbieten. Hosting, eMail-Service sowie Web-Design werden ebenfalls angeboten.<\/p>\n","protected":false},"author":1,"featured_media":46,"parent":0,"menu_order":0,"comment_status":"closed","ping_status":"closed","template":"","meta":[],"_links":{"self":[{"href":"https:\/\/n-tec.ch\/index.php\/wp-json\/wp\/v2\/pages\/8"}],"collection":[{"href":"https:\/\/n-tec.ch\/index.php\/wp-json\/wp\/v2\/pages"}],"about":[{"href":"https:\/\/n-tec.ch\/index.php\/wp-json\/wp\/v2\/types\/page"}],"author":[{"embeddable":true,"href":"https:\/\/n-tec.ch\/index.php\/wp-json\/wp\/v2\/users\/1"}],"replies":[{"embeddable":true,"href":"https:\/\/n-tec.ch\/index.php\/wp-json\/wp\/v2\/comments?post=8"}],"version-history":[{"count":5,"href":"https:\/\/n-tec.ch\/index.php\/wp-json\/wp\/v2\/pages\/8\/revisions"}],"predecessor-version":[{"id":63,"href":"https:\/\/n-tec.ch\/index.php\/wp-json\/wp\/v2\/pages\/8\/revisions\/63"}],"wp:featuredmedia":[{"embeddable":true,"href":"https:\/\/n-tec.ch\/index.php\/wp-json\/wp\/v2\/media\/46"}],"wp:attachment":[{"href":"https:\/\/n-tec.ch\/index.php\/wp-json\/wp\/v2\/media?parent=8"}],"curies":[{"name":"wp","href":"https:\/\/api.w.org\/{rel}","templated":true}]}}