{"id":77,"date":"2019-04-29T15:45:01","date_gmt":"2019-04-29T15:45:01","guid":{"rendered":"http:\/\/n-tec.ch\/?page_id=77"},"modified":"2019-04-29T15:55:24","modified_gmt":"2019-04-29T15:55:24","slug":"impressum","status":"publish","type":"page","link":"https:\/\/n-tec.ch\/index.php\/impressum\/","title":{"rendered":"Impressum"},"content":{"rendered":"\n<h1>Impressum &#8211; gem\u00e4ss \u00a7 5 Telemediengesetz (D)<\/h1>\n\n\n\n<p><strong>NTEC GmbH<\/strong><br>Unterfeldstrasse 12<br>CH-8700 K\u00fcsnacht <br>Schweiz<\/p>\n\n\n\n<h2>Vertreten durch:<\/h2>\n\n\n\n<p>Bruno Aebi<br>c\/o NTEC GmbH<br>CH-8700 K\u00fcsnacht <br><\/p>\n\n\n\n<h2>Kontakt:<\/h2>\n\n\n\n<p>Telefon: +41 44 99 11 0 11<br>E-Mail:&nbsp;<a href=\"mailto: info@n-tec.ch\">info@n-tec.ch<\/a><\/p>\n\n\n\n<h2>Registereintrag:<\/h2>\n\n\n\n<p>Eintragung im&nbsp;Handelsregister des Kanton Z\u00fcrich, Schweiz<br>Rechtsform: 0107- Gesellschaft mit beschr\u00e4nkter Haftung (GmbH)<br>HR &#8211; Eintragung:  30. 04. 1993<br>Firmennummer:  CHE-102.114.218<\/p>\n\n\n\n<h2>Umsatzsteuer:<\/h2>\n\n\n\n<p>Umsatzsteuer-Identifikationsnummer (UID) CHE-102.114.218<\/p>\n\n\n\n<h4>Verantwortlich f\u00fcr den Inhalt<\/h4>\n\n\n\n<p>Bruno Aebi<br>c\/o NTEC GmbH<br>CH-8700 K\u00fcsnacht<\/p>\n\n\n\n<h2>Streitschlichtung<\/h2>\n\n\n\n<p>Die&nbsp;Europ\u00e4ische Kommission stellt eine Plattform zur Online-Streitbeilegung (OS) bereit: &nbsp;<a href=\"http:\/\/ec.europa.eu\/consumers\/odr\">http:\/\/ec.europa.eu\/consumers\/odr<\/a><br><\/p>\n\n\n\n<p>Wir sind nicht bereit oder verpflichtet, an&nbsp;Streitbeilegungsverfahren vor einer Verbraucherschlichtungsstelle teilzunehmen.<\/p>\n\n\n\n<h2>Haftung&nbsp;f\u00fcr Inhalte<\/h2>\n\n\n\n<p>Als Diensteanbieter sind wir gem\u00e4ss \u00a7 7 Abs. 1 TMG f\u00fcr&nbsp;eigene Inhalte auf diesen Seiten nach den allgemeinen Gesetzen verantwortlich. Nach \u00a7\u00a7 8 bis 10 TMG sind wir als Diensteanbieter jedoch nicht verpflichtet, \u00fcbermittelte oder gespeicherte fremde Informationen zu \u00fcberwachen oder nach Umst\u00e4nden zu forschen, die auf eine rechtswidrige T\u00e4tigkeit hinweisen.<\/p>\n\n\n\n<p>Verpflichtungen zur Entfernung oder Sperrung der Nutzung von&nbsp;Informationen nach den allgemeinen Gesetzen bleiben hiervon unber\u00fchrt. Eine diesbez\u00fcgliche&nbsp;Haftung ist jedoch erst ab dem Zeitpunkt der Kenntnis einer konkreten Rechtsverletzung m\u00f6glich.&nbsp;Bei Bekanntwerden von entsprechenden Rechtsverletzungen werden wir diese Inhalte umgehend entfernen.<\/p>\n\n\n\n<h2>Haftung f\u00fcr Links<\/h2>\n\n\n\n<p>Unser Angebot enth\u00e4lt Links zu externen&nbsp;Webseiten Dritter, auf deren Inhalte wir keinen Einfluss haben. Deshalb k\u00f6nnen wir f\u00fcr diese&nbsp;fremden Inhalte auch keine Gew\u00e4hr \u00fcbernehmen. F\u00fcr die Inhalte der verlinkten Seiten ist&nbsp;stets der jeweilige Anbieter oder Betreiber der Seiten verantwortlich. Die verlinkten Seiten wurden zum Zeitpunkt der Verlinkung auf m\u00f6gliche Rechtsverst\u00f6sse \u00fcberpr\u00fcft. Rechtswidrige Inhalte waren zum Zeitpunkt der Verlinkung nicht erkennbar.<\/p>\n\n\n\n<p>Eine permanente&nbsp;inhaltliche Kontrolle der verlinkten Seiten ist jedoch ohne konkrete Anhaltspunkte einer Rechtsverletzung&nbsp;nicht zumutbar. Bei Bekanntwerden von Rechtsverletzungen werden wir derartige Links umgehend<br>entfernen.<\/p>\n\n\n\n<h2>Urheberrecht<\/h2>\n\n\n\n<p>Die durch die Seitenbetreiber erstellten Inhalte und Werke auf&nbsp;diesen Seiten unterliegen dem Urheberrecht. Die Vervielf\u00e4ltigung, Bearbeitung, Verbreitung und jede Art der Verwertung ausserhalb der Grenzen des Urheberrechtes bed\u00fcrfen&nbsp;der schriftlichen Zustimmung des jeweiligen Autors bzw. Erstellers. Downloads und Kopien dieser Seite sind nur f\u00fcr den privaten, nicht kommerziellen Gebrauch gestattet.<\/p>\n\n\n\n<p>Soweit die Inhalte auf&nbsp;dieser Seite nicht vom Betreiber erstellt wurden, werden die Urheberrechte Dritter beachtet. Insbesondere&nbsp;werden Inhalte Dritter als solche gekennzeichnet. Sollten Sie trotzdem auf eine Urheberrechtsverletzung&nbsp;aufmerksam werden, bitten wir um einen entsprechenden Hinweis. Bei Bekanntwerden von Rechtsverletzungen werden wir derartige Inhalte umgehend entfernen.<\/p>\n\n\n\n<p>Quelle:&nbsp;<a href=\"https:\/\/www.e-recht24.de\/\">e-recht24.de<\/a><\/p>\n\n\n\n<p><\/p>\n","protected":false},"excerpt":{"rendered":"<p>Impressum &#8211; gem\u00e4ss \u00a7 5 Telemediengesetz (D) NTEC GmbHUnterfeldstrasse 12CH-8700 K\u00fcsnacht Schweiz Vertreten durch: Bruno Aebic\/o NTEC GmbHCH-8700 K\u00fcsnacht Kontakt: Telefon: +41 44 99 11 0 11E-Mail:&nbsp;info@n-tec.ch Registereintrag: Eintragung im&nbsp;Handelsregister des Kanton Z\u00fcrich, SchweizRechtsform: 0107- Gesellschaft mit beschr\u00e4nkter Haftung (GmbH)HR &#8211; Eintragung: 30. 04. 1993Firmennummer: CHE-102.114.218 Umsatzsteuer: Umsatzsteuer-Identifikationsnummer (UID) CHE-102.114.218 Verantwortlich f\u00fcr den Inhalt Bruno &hellip; <\/p>\n<p class=\"link-more\"><a href=\"https:\/\/n-tec.ch\/index.php\/impressum\/\" class=\"more-link\"><span class=\"screen-reader-text\">\u201eImpressum\u201c<\/span> weiterlesen<\/a><\/p>\n","protected":false},"author":1,"featured_media":0,"parent":0,"menu_order":0,"comment_status":"closed","ping_status":"closed","template":"","meta":[],"_links":{"self":[{"href":"https:\/\/n-tec.ch\/index.php\/wp-json\/wp\/v2\/pages\/77"}],"collection":[{"href":"https:\/\/n-tec.ch\/index.php\/wp-json\/wp\/v2\/pages"}],"about":[{"href":"https:\/\/n-tec.ch\/index.php\/wp-json\/wp\/v2\/types\/page"}],"author":[{"embeddable":true,"href":"https:\/\/n-tec.ch\/index.php\/wp-json\/wp\/v2\/users\/1"}],"replies":[{"embeddable":true,"href":"https:\/\/n-tec.ch\/index.php\/wp-json\/wp\/v2\/comments?post=77"}],"version-history":[{"count":2,"href":"https:\/\/n-tec.ch\/index.php\/wp-json\/wp\/v2\/pages\/77\/revisions"}],"predecessor-version":[{"id":80,"href":"https:\/\/n-tec.ch\/index.php\/wp-json\/wp\/v2\/pages\/77\/revisions\/80"}],"wp:attachment":[{"href":"https:\/\/n-tec.ch\/index.php\/wp-json\/wp\/v2\/media?parent=77"}],"curies":[{"name":"wp","href":"https:\/\/api.w.org\/{rel}","templated":true}]}}