{"id":7,"date":"2017-08-18T12:30:21","date_gmt":"2017-08-18T12:30:21","guid":{"rendered":"http:\/\/n-tec.ch\/?page_id=7"},"modified":"2019-04-29T18:59:25","modified_gmt":"2019-04-29T18:59:25","slug":"startseite","status":"publish","type":"page","link":"https:\/\/n-tec.ch\/","title":{"rendered":""},"content":{"rendered":"<h3 style=\"text-align: center;\"><strong>Willkommen auf der Website der Firma N-Tec GmbH<\/strong><\/h3>\n\n\n<p style=\"text-align:center\">N-Tec GmbH steht seit&nbsp;1993 f\u00fcr Value Added Distribution im&nbsp;deutschsprachigen Europa. Intelligente Software sowie Tools f\u00fcr technische und vertriebliche Unterst\u00fctzung jenseits des branchen\u00fcblichen Angebot!&nbsp;<\/p>\n","protected":false},"excerpt":{"rendered":"<p>Willkommen auf der Website der Firma N-Tec GmbH N-Tec GmbH steht seit&nbsp;1993 f\u00fcr Value Added Distribution im&nbsp;deutschsprachigen Europa. Intelligente Software sowie Tools f\u00fcr technische und vertriebliche Unterst\u00fctzung jenseits des branchen\u00fcblichen Angebot!&nbsp;<\/p>\n","protected":false},"author":1,"featured_media":0,"parent":0,"menu_order":0,"comment_status":"closed","ping_status":"closed","template":"","meta":[],"_links":{"self":[{"href":"https:\/\/n-tec.ch\/index.php\/wp-json\/wp\/v2\/pages\/7"}],"collection":[{"href":"https:\/\/n-tec.ch\/index.php\/wp-json\/wp\/v2\/pages"}],"about":[{"href":"https:\/\/n-tec.ch\/index.php\/wp-json\/wp\/v2\/types\/page"}],"author":[{"embeddable":true,"href":"https:\/\/n-tec.ch\/index.php\/wp-json\/wp\/v2\/users\/1"}],"replies":[{"embeddable":true,"href":"https:\/\/n-tec.ch\/index.php\/wp-json\/wp\/v2\/comments?post=7"}],"version-history":[{"count":7,"href":"https:\/\/n-tec.ch\/index.php\/wp-json\/wp\/v2\/pages\/7\/revisions"}],"predecessor-version":[{"id":87,"href":"https:\/\/n-tec.ch\/index.php\/wp-json\/wp\/v2\/pages\/7\/revisions\/87"}],"wp:attachment":[{"href":"https:\/\/n-tec.ch\/index.php\/wp-json\/wp\/v2\/media?parent=7"}],"curies":[{"name":"wp","href":"https:\/\/api.w.org\/{rel}","templated":true}]}}